{"id":606,"date":"2025-06-22T01:25:46","date_gmt":"2025-06-22T05:25:46","guid":{"rendered":"https:\/\/yourvoicefix.com\/?page_id=606"},"modified":"2025-07-08T13:28:27","modified_gmt":"2025-07-08T17:28:27","slug":"sobre-mi","status":"publish","type":"page","link":"https:\/\/yourvoicefix.com\/en\/sobre-mi\/","title":{"rendered":"About me"},"content":{"rendered":"<div data-elementor-type=\"wp-page\" data-elementor-id=\"606\" class=\"elementor elementor-606\" data-elementor-post-type=\"page\">\n\t\t\t\t\t\t<section class=\"elementor-section elementor-top-section elementor-element elementor-element-846a3e9 elementor-section-full_width elementor-section-height-default elementor-section-height-default\" data-id=\"846a3e9\" data-element_type=\"section\" data-e-type=\"section\" data-settings=\"{&quot;background_background&quot;:&quot;classic&quot;}\">\n\t\t\t\t\t\t<div class=\"elementor-container elementor-column-gap-no\">\n\t\t\t\t\t<div class=\"elementor-column elementor-col-50 elementor-top-column elementor-element elementor-element-4421072\" data-id=\"4421072\" data-element_type=\"column\" data-e-type=\"column\">\n\t\t\t<div class=\"elementor-widget-wrap elementor-element-populated\">\n\t\t\t\t\t\t<div class=\"elementor-element elementor-element-3cea855 elementor-widget elementor-widget-heading\" data-id=\"3cea855\" data-element_type=\"widget\" data-e-type=\"widget\" data-settings=\"{&quot;motion_fx_motion_fx_scrolling&quot;:&quot;yes&quot;,&quot;_animation_mobile&quot;:&quot;fadeIn&quot;,&quot;motion_fx_devices&quot;:[&quot;desktop&quot;,&quot;tablet&quot;,&quot;mobile&quot;]}\" data-widget_type=\"heading.default\">\n\t\t\t\t<div class=\"elementor-widget-container\">\n\t\t\t\t\t<h2 class=\"elementor-heading-title elementor-size-default\">I wasn't born with a great voice. I was born with a great need to express myself.<br><\/h2>\t\t\t\t<\/div>\n\t\t\t\t<\/div>\n\t\t\t\t<div class=\"elementor-element elementor-element-c2c5a10 elementor-widget elementor-widget-text-editor\" data-id=\"c2c5a10\" data-element_type=\"widget\" data-e-type=\"widget\" data-widget_type=\"text-editor.default\">\n\t\t\t\t<div class=\"elementor-widget-container\">\n\t\t\t\t\t\t\t\t\t<p class=\"translation-block\">My singing journey wasn't easy. I started singing... and it didn't go well. They told me my voice was small, that it wasn't good enough, that it just didn't sound right.<\/p><p class=\"translation-block\">But something inside me kept pushing. I tried many teachers, took classes with different people... until one day, in Argentina, I met a master who changed everything.<\/p><p class=\"translation-block\">With him, I didn't just learn to truly sing. I learned something much more important: that anyone who can speak... can sing.<\/p><p class=\"translation-block\">My voice didn't have to sound like everyone else's. It just had to sound like me.<\/p><p class=\"translation-block\">And that's what I also discovered in my own classes: singing isn't just a technique; it's a tool for self-discovery. It's a way to heal, to express yourself, to reclaim what we once silenced.<\/p><p class=\"translation-block\">Today, I guide adult women and men who, like me, once believed they couldn't sing. And I help them discover that their voice absolutely can\u2014and deserves to be\u2014heard.<\/p>\t\t\t\t\t\t\t\t<\/div>\n\t\t\t\t<\/div>\n\t\t\t\t<div class=\"elementor-element elementor-element-48acfdc elementor-widget elementor-widget-heading\" data-id=\"48acfdc\" data-element_type=\"widget\" data-e-type=\"widget\" data-widget_type=\"heading.default\">\n\t\t\t\t<div class=\"elementor-widget-container\">\n\t\t\t\t\t<h2 class=\"elementor-heading-title elementor-size-default\">With love, Carla.<\/h2>\t\t\t\t<\/div>\n\t\t\t\t<\/div>\n\t\t\t\t\t<\/div>\n\t\t<\/div>\n\t\t\t\t<div class=\"elementor-column elementor-col-50 elementor-top-column elementor-element elementor-element-0671927\" data-id=\"0671927\" data-element_type=\"column\" data-e-type=\"column\">\n\t\t\t<div class=\"elementor-widget-wrap elementor-element-populated\">\n\t\t\t\t\t\t<div class=\"elementor-element elementor-element-69e7baa elementor-widget elementor-widget-image\" data-id=\"69e7baa\" data-element_type=\"widget\" data-e-type=\"widget\" data-widget_type=\"image.default\">\n\t\t\t\t<div class=\"elementor-widget-container\">\n\t\t\t\t\t\t\t\t\t\t\t\t\t\t\t<img fetchpriority=\"high\" decoding=\"async\" width=\"596\" height=\"647\" src=\"https:\/\/yourvoicefix.com\/wp-content\/uploads\/2025\/06\/venuswagner.jpg\" class=\"attachment-large size-large wp-image-619\" alt=\"\" srcset=\"https:\/\/yourvoicefix.com\/wp-content\/uploads\/2025\/06\/venuswagner.jpg 596w, https:\/\/yourvoicefix.com\/wp-content\/uploads\/2025\/06\/venuswagner-276x300.jpg 276w\" sizes=\"(max-width: 596px) 100vw, 596px\" \/>\t\t\t\t\t\t\t\t\t\t\t\t\t\t\t<\/div>\n\t\t\t\t<\/div>\n\t\t\t\t\t<\/div>\n\t\t<\/div>\n\t\t\t\t\t<\/div>\n\t\t<\/section>\n\t\t\t\t<section class=\"elementor-section elementor-top-section elementor-element elementor-element-2e5f38d elementor-section-boxed elementor-section-height-default elementor-section-height-default\" data-id=\"2e5f38d\" data-element_type=\"section\" data-e-type=\"section\">\n\t\t\t\t\t\t<div class=\"elementor-container elementor-column-gap-default\">\n\t\t\t\t\t<div class=\"elementor-column elementor-col-100 elementor-top-column elementor-element elementor-element-8599362\" data-id=\"8599362\" data-element_type=\"column\" data-e-type=\"column\" data-settings=\"{&quot;background_background&quot;:&quot;classic&quot;}\">\n\t\t\t<div class=\"elementor-widget-wrap elementor-element-populated\">\n\t\t\t\t\t\t<div class=\"elementor-element elementor-element-f72bef8 elementor-widget elementor-widget-image\" data-id=\"f72bef8\" data-element_type=\"widget\" data-e-type=\"widget\" data-widget_type=\"image.default\">\n\t\t\t\t<div class=\"elementor-widget-container\">\n\t\t\t\t\t\t\t\t\t\t\t\t\t\t\t<img decoding=\"async\" src=\"https:\/\/yourvoicefix.com\/wp-content\/uploads\/elementor\/thumbs\/1157af6c-a369-4682-a79c-ab308315982c-r7o4l30ts1sk488rz3s3y6h5e1r2mi1amq8y0aacwg.png\" title=\"1157af6c-a369-4682-a79c-ab308315982c\" alt=\"1157af6c-a369-4682-a79c-ab308315982c\" loading=\"lazy\" \/>\t\t\t\t\t\t\t\t\t\t\t\t\t\t\t<\/div>\n\t\t\t\t<\/div>\n\t\t\t\t\t<\/div>\n\t\t<\/div>\n\t\t\t\t\t<\/div>\n\t\t<\/section>\n\t\t\t\t<\/div>","protected":false},"excerpt":{"rendered":"<p>No nac\u00ed con una gran voz. Nac\u00ed con una gran necesidad de expresarme. Mi camino en el canto no fue f\u00e1cil. Empec\u00e9 cantando\u2026 y no me fue bien. Me dijeron que mi voz era peque\u00f1a, que no serv\u00eda, que no sonaba. Pero algo adentro m\u00edo segu\u00eda insistiendo. Prob\u00e9 con muchos profesores, tom\u00e9 clases con diferentes [&hellip;]<\/p>","protected":false},"author":1,"featured_media":0,"parent":0,"menu_order":0,"comment_status":"closed","ping_status":"closed","template":"elementor_canvas","meta":{"om_disable_all_campaigns":false,"footnotes":""},"class_list":["post-606","page","type-page","status-publish","hentry"],"_links":{"self":[{"href":"https:\/\/yourvoicefix.com\/en\/wp-json\/wp\/v2\/pages\/606","targetHints":{"allow":["GET"]}}],"collection":[{"href":"https:\/\/yourvoicefix.com\/en\/wp-json\/wp\/v2\/pages"}],"about":[{"href":"https:\/\/yourvoicefix.com\/en\/wp-json\/wp\/v2\/types\/page"}],"author":[{"embeddable":true,"href":"https:\/\/yourvoicefix.com\/en\/wp-json\/wp\/v2\/users\/1"}],"replies":[{"embeddable":true,"href":"https:\/\/yourvoicefix.com\/en\/wp-json\/wp\/v2\/comments?post=606"}],"version-history":[{"count":22,"href":"https:\/\/yourvoicefix.com\/en\/wp-json\/wp\/v2\/pages\/606\/revisions"}],"predecessor-version":[{"id":1225,"href":"https:\/\/yourvoicefix.com\/en\/wp-json\/wp\/v2\/pages\/606\/revisions\/1225"}],"wp:attachment":[{"href":"https:\/\/yourvoicefix.com\/en\/wp-json\/wp\/v2\/media?parent=606"}],"curies":[{"name":"wp","href":"https:\/\/api.w.org\/{rel}","templated":true}]}}